{"id":17744,"date":"2024-12-29T20:12:16","date_gmt":"2024-12-29T20:12:16","guid":{"rendered":"http:\/\/msh.pt\/wp\/?page_id=17744"},"modified":"2025-01-04T13:49:41","modified_gmt":"2025-01-04T13:49:41","slug":"vento-de-mudanca","status":"publish","type":"page","link":"https:\/\/msh.pt\/wp\/vento-de-mudanca\/","title":{"rendered":"Vento de Mudan\u00e7a"},"content":{"rendered":"<p>[et_pb_section fb_built=&#8221;1&#8243; fullwidth=&#8221;on&#8221; next_background_color=&#8221;#ffffff&#8221; admin_label=&#8221;Header Section&#8221; _builder_version=&#8221;4.27.4&#8243; background_color=&#8221;RGBA(255,255,255,0)&#8221; bottom_divider_style=&#8221;wave2&#8243; bottom_divider_height=&#8221;118px&#8221; bottom_divider_flip=&#8221;horizontal&#8221; bottom_divider_style_tablet=&#8221;wave2&#8243; bottom_divider_style_phone=&#8221;wave2&#8243; bottom_divider_style_last_edited=&#8221;on|desktop&#8221; bottom_divider_height_tablet=&#8221;59px&#8221; bottom_divider_height_phone=&#8221;38px&#8221; bottom_divider_height_last_edited=&#8221;on|phone&#8221; locked=&#8221;off&#8221; global_colors_info=&#8221;{}&#8221;][et_pb_fullwidth_image src=&#8221;https:\/\/msh.pt\/wp\/wp-content\/uploads\/2024\/12\/ilha_h.png&#8221; title_text=&#8221;ilha_h&#8221; _builder_version=&#8221;4.27.4&#8243; _module_preset=&#8221;default&#8221; background_enable_image=&#8221;off&#8221; parallax=&#8221;on&#8221; global_colors_info=&#8221;{}&#8221;][\/et_pb_fullwidth_image][\/et_pb_section][et_pb_section fb_built=&#8221;1&#8243; admin_label=&#8221;About Section&#8221; _builder_version=&#8221;4.16&#8243; custom_padding=&#8221;7px|0px|0px|0px|false|false&#8221; animation_style=&#8221;fold&#8221; animation_intensity_fold=&#8221;16%&#8221; global_colors_info=&#8221;{}&#8221;][et_pb_row _builder_version=&#8221;4.27.4&#8243; _module_preset=&#8221;default&#8221; custom_padding=&#8221;||8px|||&#8221; global_colors_info=&#8221;{}&#8221;][et_pb_column type=&#8221;4_4&#8243; _builder_version=&#8221;4.27.4&#8243; _module_preset=&#8221;default&#8221; global_colors_info=&#8221;{}&#8221;][et_pb_text admin_label=&#8221;Involvement Title &#038; Description&#8221; _builder_version=&#8221;4.27.4&#8243; text_font=&#8221;||||||||&#8221; text_text_color=&#8221;#000000&#8243; text_font_size=&#8221;17px&#8221; header_font=&#8221;||||||||&#8221; header_2_font=&#8221;|||on|||||&#8221; header_2_text_color=&#8221;#ff0022&#8243; header_3_font=&#8221;|700||on|||||&#8221; header_3_text_color=&#8221;#ff001d&#8221; header_3_font_size=&#8221;34px&#8221; header_3_line_height=&#8221;1.5em&#8221; header_5_font=&#8221;Oswald|||on|||||&#8221; header_5_text_color=&#8221;#d29f68&#8243; header_5_letter_spacing=&#8221;3px&#8221; header_5_line_height=&#8221;1.7em&#8221; background_layout=&#8221;dark&#8221; module_alignment=&#8221;center&#8221; custom_margin=&#8221;-58px||14px|||&#8221; custom_padding=&#8221;20px||0px|||&#8221; text_line_height_last_edited=&#8221;off|desktop&#8221; global_colors_info=&#8221;{}&#8221;]<\/p>\n<h2>PROJETO COMUNIT\u00c1RIO PARA A ILHA DE CANHABAQUE<\/h2>\n<p>[\/et_pb_text][\/et_pb_column][\/et_pb_row][et_pb_row column_structure=&#8221;1_3,1_3,1_3&#8243; _builder_version=&#8221;4.27.4&#8243; _module_preset=&#8221;default&#8221; custom_padding=&#8221;9px||0px|||&#8221; global_colors_info=&#8221;{}&#8221;][et_pb_column type=&#8221;1_3&#8243; _builder_version=&#8221;4.27.4&#8243; _module_preset=&#8221;default&#8221; global_colors_info=&#8221;{}&#8221;][et_pb_text admin_label=&#8221;Involvement Title &#038; Description&#8221; _builder_version=&#8221;4.27.4&#8243; text_font=&#8221;||||||||&#8221; text_text_color=&#8221;#000000&#8243; text_font_size=&#8221;17px&#8221; header_font=&#8221;||||||||&#8221; header_2_font=&#8221;||||||||&#8221; header_3_font=&#8221;Lora|700|||||||&#8221; header_3_font_size=&#8221;34px&#8221; header_3_line_height=&#8221;1.5em&#8221; header_5_font=&#8221;Oswald|||on|||||&#8221; header_5_text_color=&#8221;#d29f68&#8243; header_5_letter_spacing=&#8221;3px&#8221; header_5_line_height=&#8221;1.7em&#8221; background_layout=&#8221;dark&#8221; module_alignment=&#8221;center&#8221; custom_margin=&#8221;||0px||false|false&#8221; custom_padding=&#8221;0px||0px||false|false&#8221; text_line_height_last_edited=&#8221;off|desktop&#8221; global_colors_info=&#8221;{}&#8221;]<\/p>\n<p>A ilha de Canhabaque, (integrada no sector administrativo de Bubaque) do Arquip\u00e9lago de Bijag\u00f3s, possui cerca de 111 km2 e pouco mais de 2500 habitantes, dispersos por 19 a 20 povoa\u00e7\u00f5es.<\/p>\n<p>De dif\u00edcil acesso, encontra-se ainda quase num estado inalterado, rica em biodiversidade, e de praias de excepcional beleza. A vida das pessoas \u00e9 marcada pela quase\u00a0 inexist\u00eancia de condi\u00e7\u00f5es de apoio m\u00e9dico e sistema educacional, dedicando-se a maioria a uma agricultura tradicional e \u00e0 pesca de subsist\u00eancia, onde se destaca a apanha de bivalves e marisco.<\/p>\n<p>Canhabaque \u00e9 considerada o centro espiritual do arquip\u00e9lago, regendo as demais ilhas no que se refere a rituais e cerim\u00f3nias religiosas animistas.<\/p>\n<p>&nbsp;<\/p>\n<p>[\/et_pb_text][\/et_pb_column][et_pb_column type=&#8221;1_3&#8243; _builder_version=&#8221;4.27.4&#8243; _module_preset=&#8221;default&#8221; global_colors_info=&#8221;{}&#8221;][et_pb_text admin_label=&#8221;Involvement Title &#038; Description&#8221; _builder_version=&#8221;4.27.4&#8243; text_font=&#8221;||||||||&#8221; text_text_color=&#8221;#000000&#8243; text_font_size=&#8221;17px&#8221; header_font=&#8221;||||||||&#8221; header_2_font=&#8221;||||||||&#8221; header_3_font=&#8221;Lora|700|||||||&#8221; header_3_font_size=&#8221;34px&#8221; header_3_line_height=&#8221;1.5em&#8221; header_5_font=&#8221;Oswald|||on|||||&#8221; header_5_text_color=&#8221;#d29f68&#8243; header_5_letter_spacing=&#8221;3px&#8221; header_5_line_height=&#8221;1.7em&#8221; background_layout=&#8221;dark&#8221; module_alignment=&#8221;center&#8221; custom_margin=&#8221;||0px||false|false&#8221; custom_padding=&#8221;0px||30px||false|false&#8221; hover_enabled=&#8221;0&#8243; text_line_height_last_edited=&#8221;off|desktop&#8221; global_colors_info=&#8221;{}&#8221; sticky_enabled=&#8221;0&#8243;]<\/p>\n<p>Este projeto, uma iniciativa conjunta da MSH com o <strong>Projeto Jo\u00e3o 3:16<\/strong>, pretende construir uma embarca\u00e7\u00e3o tradicional movida a motor de 2 tempos, que de forma regular sirva a popula\u00e7\u00e3o no transporte mar\u00edtimo de pessoas e bens entre Canhabaque e a ilha de Bubaque.<\/p>\n<p>Contando com o apoio imprescind\u00edvel da Yamaha, j\u00e1 temos um dos dois motores necess\u00e1rios, e demos inicio \u00e0 constru\u00e7\u00e3o da canoa faltando ainda cerca de 50% do valor total para a sua conclus\u00e3o.<\/p>\n<p>O lucro desta iniciativa, ao longo do tempo, ir\u00e1 suportar a contrata\u00e7\u00e3o de um professor prim\u00e1rio, a constru\u00e7\u00e3o de um centro comunit\u00e1rio e a alimenta\u00e7\u00e3o do grupo de crian\u00e7as\u00a0 residentes em 4 aldeias do sul da ilha.\u00a0<\/p>\n<p>[\/et_pb_text][\/et_pb_column][et_pb_column type=&#8221;1_3&#8243; _builder_version=&#8221;4.27.4&#8243; _module_preset=&#8221;default&#8221; global_colors_info=&#8221;{}&#8221;][et_pb_image src=&#8221;https:\/\/msh.pt\/wp\/wp-content\/uploads\/2025\/01\/canhabaque1_mapa-1.png&#8221; _builder_version=&#8221;4.27.4&#8243; _module_preset=&#8221;default&#8221; hover_enabled=&#8221;0&#8243; sticky_enabled=&#8221;0&#8243; title_text=&#8221;canhabaque1_mapa&#8221;][\/et_pb_image][et_pb_text admin_label=&#8221;Involvement Title &#038; Description&#8221; _builder_version=&#8221;4.27.4&#8243; text_font=&#8221;||||||||&#8221; text_text_color=&#8221;#000000&#8243; text_font_size=&#8221;17px&#8221; header_font=&#8221;||||||||&#8221; header_2_font=&#8221;||||||||&#8221; header_3_font=&#8221;Lora|700|||||||&#8221; header_3_font_size=&#8221;34px&#8221; header_3_line_height=&#8221;1.5em&#8221; header_5_font=&#8221;Oswald|||on|||||&#8221; header_5_text_color=&#8221;#d29f68&#8243; header_5_letter_spacing=&#8221;3px&#8221; header_5_line_height=&#8221;1.7em&#8221; background_layout=&#8221;dark&#8221; module_alignment=&#8221;center&#8221; custom_margin=&#8221;||0px||false|false&#8221; custom_padding=&#8221;0px||30px||false|false&#8221; hover_enabled=&#8221;0&#8243; text_line_height_last_edited=&#8221;off|desktop&#8221; global_colors_info=&#8221;{}&#8221; sticky_enabled=&#8221;0&#8243;]<\/p>\n<p>No futuro desejamos alargar os benef\u00edcios a mais povoa\u00e7\u00f5es, desde que manifestem a sua ades\u00e3o ao projeto.<\/p>\n<p>[\/et_pb_text][\/et_pb_column][\/et_pb_row][\/et_pb_section][et_pb_section fb_built=&#8221;1&#8243; _builder_version=&#8221;4.27.4&#8243; _module_preset=&#8221;default&#8221; custom_padding=&#8221;9px||1px|||&#8221; global_colors_info=&#8221;{}&#8221;][et_pb_row column_structure=&#8221;1_2,1_2&#8243; _builder_version=&#8221;4.27.4&#8243; _module_preset=&#8221;default&#8221; custom_padding=&#8221;8px||8px|||&#8221; global_colors_info=&#8221;{}&#8221;][et_pb_column type=&#8221;1_2&#8243; _builder_version=&#8221;4.27.4&#8243; _module_preset=&#8221;default&#8221; global_colors_info=&#8221;{}&#8221;][et_pb_text _builder_version=&#8221;4.27.4&#8243; _module_preset=&#8221;default&#8221; header_2_font=&#8221;|||on|||||&#8221; header_2_text_color=&#8221;#ff001d&#8221; global_colors_info=&#8221;{}&#8221;]<\/p>\n<h2>Do outro lado do mundo&#8230;<\/h2>\n<p>[\/et_pb_text][et_pb_text _builder_version=&#8221;4.27.4&#8243; _module_preset=&#8221;default&#8221; text_font_size=&#8221;18px&#8221; custom_margin=&#8221;-27px|||||&#8221; global_colors_info=&#8221;{}&#8221;]<\/p>\n<p>H\u00e1 sempre forma de contribuir para melhorar a vida de quem n\u00e3o tem muitas oportunidades.<\/p>\n<p>[\/et_pb_text][\/et_pb_column][et_pb_column type=&#8221;1_2&#8243; _builder_version=&#8221;4.27.4&#8243; _module_preset=&#8221;default&#8221; global_colors_info=&#8221;{}&#8221;][et_pb_button button_url=&#8221;#&#8221; url_new_window=&#8221;on&#8221; button_text=&#8221;Donativo VENTO DE MUDAN\u00c7A&#8221; _builder_version=&#8221;4.27.4&#8243; _module_preset=&#8221;default&#8221; custom_button=&#8221;on&#8221; button_bg_color=&#8221;#ff001d&#8221; button_border_width=&#8221;0px&#8221; button_border_radius=&#8221;17px&#8221; custom_margin=&#8221;32px|-49px||||&#8221; global_colors_info=&#8221;{}&#8221;][\/et_pb_button][\/et_pb_column][\/et_pb_row][et_pb_row use_custom_gutter=&#8221;on&#8221; gutter_width=&#8221;1&#8243; _builder_version=&#8221;4.27.4&#8243; _module_preset=&#8221;default&#8221; width=&#8221;100%&#8221; custom_padding=&#8221;0px|||||&#8221; global_colors_info=&#8221;{}&#8221;][et_pb_column type=&#8221;4_4&#8243; _builder_version=&#8221;4.22.2&#8243; _module_preset=&#8221;default&#8221; global_colors_info=&#8221;{}&#8221;][et_pb_gallery gallery_ids=&#8221;18006,18007,18008,18011,18012,18018,18019,18020,18015,18032,18023,18033,18021,18022,18031,18025,18026,18037,18027,18039,18029,18035,18036,18038&#8243; posts_number=&#8221;8&#8243; show_title_and_caption=&#8221;off&#8221; hover_icon=&#8221;&#x55;||divi||400&#8243; _builder_version=&#8221;4.27.4&#8243; _module_preset=&#8221;default&#8221; caption_font_size=&#8221;12px&#8221; custom_css_main_element=&#8221;padding: 3px;&#8221; global_colors_info=&#8221;{}&#8221;][\/et_pb_gallery][\/et_pb_column][\/et_pb_row][\/et_pb_section]<\/p>\n","protected":false},"excerpt":{"rendered":"<p>PROJETO COMUNIT\u00c1RIO PARA A ILHA DE CANHABAQUEA ilha de Canhabaque, (integrada no sector administrativo de Bubaque) do Arquip\u00e9lago de Bijag\u00f3s, possui cerca de 111 km2 e pouco mais de 2500 habitantes, dispersos por 19 a 20 povoa\u00e7\u00f5es. De dif\u00edcil acesso, encontra-se ainda quase num estado inalterado, rica em biodiversidade, e de praias de excepcional beleza. [&hellip;]<\/p>\n","protected":false},"author":1,"featured_media":0,"parent":0,"menu_order":0,"comment_status":"closed","ping_status":"closed","template":"","meta":{"_et_pb_use_builder":"on","_et_pb_old_content":"","_et_gb_content_width":"","footnotes":""},"class_list":["post-17744","page","type-page","status-publish","hentry"],"_links":{"self":[{"href":"https:\/\/msh.pt\/wp\/wp-json\/wp\/v2\/pages\/17744","targetHints":{"allow":["GET"]}}],"collection":[{"href":"https:\/\/msh.pt\/wp\/wp-json\/wp\/v2\/pages"}],"about":[{"href":"https:\/\/msh.pt\/wp\/wp-json\/wp\/v2\/types\/page"}],"author":[{"embeddable":true,"href":"https:\/\/msh.pt\/wp\/wp-json\/wp\/v2\/users\/1"}],"replies":[{"embeddable":true,"href":"https:\/\/msh.pt\/wp\/wp-json\/wp\/v2\/comments?post=17744"}],"version-history":[{"count":31,"href":"https:\/\/msh.pt\/wp\/wp-json\/wp\/v2\/pages\/17744\/revisions"}],"predecessor-version":[{"id":18153,"href":"https:\/\/msh.pt\/wp\/wp-json\/wp\/v2\/pages\/17744\/revisions\/18153"}],"wp:attachment":[{"href":"https:\/\/msh.pt\/wp\/wp-json\/wp\/v2\/media?parent=17744"}],"curies":[{"name":"wp","href":"https:\/\/api.w.org\/{rel}","templated":true}]}}